{"id":57,"date":"2019-08-11T21:25:13","date_gmt":"2019-08-11T19:25:13","guid":{"rendered":"https:\/\/judomarbella.com\/?page_id=57"},"modified":"2021-06-07T14:44:45","modified_gmt":"2021-06-07T12:44:45","slug":"sobre-nosotros","status":"publish","type":"page","link":"https:\/\/judomarbella.com\/?page_id=57","title":{"rendered":"Sobre nosotros"},"content":{"rendered":"<style type=\"text\/css\"> \n#cmsmasters_row_6a05a6d0651d8 { \n\tbackground-color:#ffffff;\n} \n\n \n#cmsmasters_row_6a05a6d065444 { \n\tbackground-color:#595959;\n} \n\n#cmsmasters_row_6a05a6d065444 .cmsmasters_row_outer_parent { \n\tpadding-top: 30px; \n} \n\n#cmsmasters_row_6a05a6d065444 .cmsmasters_row_outer_parent { \n\tpadding-bottom: 90px; \n} \n\n#cmsmasters_row_6a05a6d065444 .cmsmasters_row_overlay { \n\tbackground-color:#595959;\n} \n\n\r\n\t\t\t#cmsmasters_row_6a05a6d065444.cmsmasters_row_top_zigzag:before, \r\n\t\t\t#cmsmasters_row_6a05a6d065444.cmsmasters_row_bot_zigzag:after {\r\n\t\t\t\tbackground-image: -webkit-linear-gradient(135deg, #595959 25%, transparent 25%), \r\n\t\t\t\t\t\t-webkit-linear-gradient(45deg, #595959 25%, transparent 25%);\r\n\t\t\t\tbackground-image: -moz-linear-gradient(135deg, #595959 25%, transparent 25%), \r\n\t\t\t\t\t\t-moz-linear-gradient(45deg, #595959 25%, transparent 25%);\r\n\t\t\t\tbackground-image: -ms-linear-gradient(135deg, #595959 25%, transparent 25%), \r\n\t\t\t\t\t\t-ms-linear-gradient(45deg, #595959 25%, transparent 25%);\r\n\t\t\t\tbackground-image: -o-linear-gradient(135deg, #595959 25%, transparent 25%), \r\n\t\t\t\t\t\t-o-linear-gradient(45deg, #595959 25%, transparent 25%);\r\n\t\t\t\tbackground-image: linear-gradient(315deg, #595959 25%, transparent 25%), \r\n\t\t\t\t\t\tlinear-gradient(45deg, #595959 25%, transparent 25%);\r\n\t\t\t} \n#cmsmasters_heading_6a05a6d065582 { \n\ttext-align:center; \n\tmargin-top:0px; \n\tmargin-bottom:20px; \n} \n\n#cmsmasters_heading_6a05a6d065582 .cmsmasters_heading { \n\ttext-align:center; \n} \n\n#cmsmasters_heading_6a05a6d065582 .cmsmasters_heading, #cmsmasters_heading_6a05a6d065582 .cmsmasters_heading a { \n\tfont-size:30px; \n\tfont-weight:600; \n\tfont-style:normal; \n\tcolor:#ffffff;\n} \n\n#cmsmasters_heading_6a05a6d065582 .cmsmasters_heading_divider { \n} \n\n\n#cmsmasters_button_6a05a6d06565f { \n\ttext-align:center; \n} \n\n#cmsmasters_button_6a05a6d06565f .cmsmasters_button:before { \n\tmargin-right:.5em; \n\tmargin-left:0; \n\tvertical-align:baseline; \n} \n\n#cmsmasters_button_6a05a6d06565f .cmsmasters_button { \n\tfont-size:20px; \n\tline-height:35px; \n\tfont-weight:600; \n\tfont-style:normal; \n\tpadding-right:20px; \n\tpadding-left:20px; \n\tborder-style:solid; \n\tbackground-color:#ffffff;\n\tcolor:#686868;\n} \n#cmsmasters_button_6a05a6d06565f .cmsmasters_button:hover { \n\tbackground-color:#2d0000;\n\tcolor:#ffffff;\n\tborder-color:#ffffff;\n} \n \n#cmsmasters_row_6a05a6d0656d3 { \n\tbackground-color:#ffffff;\n} \n\n#cmsmasters_row_6a05a6d0656d3 .cmsmasters_row_outer_parent { \n\tpadding-top: 0px; \n} \n\n#cmsmasters_row_6a05a6d0656d3 .cmsmasters_row_outer_parent { \n\tpadding-bottom: 90px; \n} \n\n#cmsmasters_row_6a05a6d0656d3 .cmsmasters_row_overlay { \n\tbackground-color:#ffffff;\n} \n\n \n#cmsmasters_heading_6a05a6d0657e0 { \n\ttext-align:center; \n\tmargin-top:50px; \n\tmargin-bottom:20px; \n} \n\n#cmsmasters_heading_6a05a6d0657e0 .cmsmasters_heading { \n\ttext-align:center; \n} \n\n#cmsmasters_heading_6a05a6d0657e0 .cmsmasters_heading, #cmsmasters_heading_6a05a6d0657e0 .cmsmasters_heading a { \n\tfont-size:40px; \n\tfont-weight:100; \n\tfont-style:normal; \n\tcolor:#444444;\n} \n\n#cmsmasters_heading_6a05a6d0657e0 .cmsmasters_heading_divider { \n} \n\n \n#cmsmasters_row_6a05a6d065898 .cmsmasters_row_outer_parent { \n\tpadding-top: 0px; \n} \n\n#cmsmasters_row_6a05a6d065898 .cmsmasters_row_outer_parent { \n\tpadding-bottom: 50px; \n} \n\n \n#cmsmasters_row_6a05a6d065c5d { \n\tbackground-color:rgba(255,255,255,0);\n\tbackground-image: url(); \n\tbackground-position: top center; \n\tbackground-repeat: no-repeat; \n\tbackground-attachment: scroll; \n\tbackground-size: cover; \n} \n\n#cmsmasters_row_6a05a6d065c5d .cmsmasters_row_outer_parent { \n\tpadding-top: 50px; \n} \n\n#cmsmasters_row_6a05a6d065c5d .cmsmasters_row_outer_parent { \n\tpadding-bottom: 90px; \n} \n\n#cmsmasters_row_6a05a6d065c5d .cmsmasters_row_overlay { \n\tbackground-color:rgba(255,255,255,0);\n} \n\n \n#cmsmasters_heading_6a05a6d065f1e { \n\ttext-align:center; \n\tmargin-top:90px; \n\tmargin-bottom:20px; \n} \n\n#cmsmasters_heading_6a05a6d065f1e .cmsmasters_heading { \n\ttext-align:center; \n} \n\n#cmsmasters_heading_6a05a6d065f1e .cmsmasters_heading, #cmsmasters_heading_6a05a6d065f1e .cmsmasters_heading a { \n\tfont-size:55px; \n\tfont-weight:100; \n\tfont-style:normal; \n\tcolor:#990028;\n} \n\n#cmsmasters_heading_6a05a6d065f1e .cmsmasters_heading_divider { \n} \n\n<\/style><div id=\"cmsmasters_row_6a05a6d0651d8\" class=\"cmsmasters_row cmsmasters_color_scheme_default slider-about cmsmasters_row_top_default cmsmasters_row_bot_default cmsmasters_row_boxed\">\n<div class=\"cmsmasters_row_outer_parent\">\n<div class=\"cmsmasters_row_outer\">\n<div class=\"cmsmasters_row_inner\">\n<div class=\"cmsmasters_row_margin\">\n<div class=\"cmsmasters_column one_first\">\n<div class=\"cmsmasters_text\">\n<p>[rev_slider alias=&#8221;judo-1&#8243;][\/rev_slider]<\/p>\n<\/div>\n<\/div>\n<\/div>\n<\/div>\n<\/div>\n<\/div>\n<\/div>\n<div id=\"cmsmasters_row_6a05a6d06537f\" class=\"cmsmasters_row cmsmasters_color_scheme_default cmsmasters_row_top_default cmsmasters_row_bot_default cmsmasters_row_boxed\">\n<div class=\"cmsmasters_row_outer_parent\">\n<div class=\"cmsmasters_row_outer\">\n<div class=\"cmsmasters_row_inner\">\n<div class=\"cmsmasters_row_margin\">\n<div class=\"cmsmasters_column one_first\">\n<div class=\"cmsmasters_text\">\n<p>&nbsp;<\/p>\n<\/div>\n<\/div>\n<\/div>\n<\/div>\n<\/div>\n<\/div>\n<\/div>\n<div id=\"cmsmasters_row_6a05a6d065444\" class=\"cmsmasters_row cmsmasters_color_scheme_default cmsmasters_row_top_left_diagonal cmsmasters_row_bot_zigzag cmsmasters_row_boxed\">\n<div class=\"cmsmasters_row_outer_parent\">\n<div class=\"cmsmasters_row_overlay\"><\/div>\n<div class=\"cmsmasters_row_outer\">\n<div class=\"cmsmasters_row_inner\">\n<div class=\"cmsmasters_row_margin\">\n<div class=\"cmsmasters_column one_first\">\n\n<div id=\"cmsmasters_heading_6a05a6d065582\" class=\"cmsmasters_heading_wrap cmsmasters_heading_align_center\">\n\t<h1 class=\"cmsmasters_heading\">Especial\u00edzate con nuestros cursos<\/h1>\n<\/div><div class=\"cmsmasters_text\">\n<h5 style=\"text-align: center;\"><span style=\"color: #ffffff;\"><em>Si necesitas cualquier informaci\u00f3n adicional, no dudes en ponerte en contacto con nosotros.<\/em><\/span><\/h5>\n<div><\/div>\n<\/div>\n\n<div id=\"cmsmasters_button_6a05a6d06565f\" class=\"button_wrap\"><a href=\"https:\/\/judomarbella.com\/?page_id=155\" class=\"cmsmasters_button\"><span>Cont\u00e1ctanos<\/span><\/a><\/div>\n<\/div>\n<\/div>\n<\/div>\n<\/div>\n<\/div>\n<\/div>\n<div id=\"cmsmasters_row_6a05a6d0656d3\" class=\"cmsmasters_row cmsmasters_color_scheme_default cmsmasters_row_top_default cmsmasters_row_bot_left_diagonal cmsmasters_row_boxed\">\n<div class=\"cmsmasters_row_outer_parent\">\n<div class=\"cmsmasters_row_overlay\"><\/div>\n<div class=\"cmsmasters_row_outer\">\n<div class=\"cmsmasters_row_inner\">\n<div class=\"cmsmasters_row_margin\">\n<div class=\"cmsmasters_column one_first\">\n\n<div id=\"cmsmasters_heading_6a05a6d0657e0\" class=\"cmsmasters_heading_wrap cmsmasters_heading_align_center\">\n\t<h1 class=\"cmsmasters_heading\">Acerca de CDR<\/h1>\n<\/div><div class=\"cmsmasters_text\">\n<div style=\"text-align: center;\">\n<p dir=\"ltr\">Somos un club muy din\u00e1mico donde lo primero eres t\u00fa, tu seguridad, tu bienestar, tu salud, tu aprendizaje y tu diversi\u00f3n. Tenemos 31 a\u00f1os de experiencia ense\u00f1ando por lo que esta garantizada que tu experiencia ser\u00e1 fruct\u00edfera.<br \/>\nEn nuestro club cabemos todos tanto deportistas de competici\u00f3n como peque\u00f1ines dando sus primeros pasos y grandotes de edad que buscan nuevas experiencias, salud y bienestar, todos tienen su actividad y su nivel! Siempre tendr\u00e1s las puertas de esta tu casa abierta. \u00a1\u00bfte vienes ma\u00f1ana a entrenar, a conocer personas como t\u00fa, a divertirte y ponerte en forma?!<\/p>\n<p dir=\"ltr\">\u00a1BIENVENIDO!<\/p>\n<\/div>\n<\/div>\n<\/div>\n<\/div>\n<\/div>\n<\/div>\n<\/div>\n<\/div>\n<div id=\"cmsmasters_row_6a05a6d065898\" class=\"cmsmasters_row cmsmasters_color_scheme_default cmsmasters_row_top_default cmsmasters_row_bot_default cmsmasters_row_boxed\">\n<div class=\"cmsmasters_row_outer_parent\">\n<div class=\"cmsmasters_row_outer\">\n<div class=\"cmsmasters_row_inner\">\n<div class=\"cmsmasters_row_margin\">\n<div class=\"cmsmasters_column one_first\">\n<div class=\"aligncenter\">\n<div class=\"cmsmasters_img  cmsmasters_image_c\">\n<img decoding=\"async\" src=\"https:\/\/judomarbella.com\/wp-content\/uploads\/2021\/01\/sobreimagen-300x151.png\" alt=\"\" \/>\n<\/div>\n<\/div>\n<\/div>\n<\/div>\n<\/div>\n<\/div>\n<\/div>\n<\/div>\n<div id=\"cmsmasters_row_6a05a6d065c5d\" class=\"cmsmasters_row cmsmasters_color_scheme_default cmsmasters_row_top_left_diagonal cmsmasters_row_bot_default cmsmasters_row_boxed\">\n<div class=\"cmsmasters_row_outer_parent\">\n<div class=\"cmsmasters_row_overlay\"><\/div>\n<div class=\"cmsmasters_row_outer\">\n<div class=\"cmsmasters_row_inner\">\n<div class=\"cmsmasters_row_margin\">\n<div class=\"cmsmasters_column one_first\">\n\n<div id=\"cmsmasters_heading_6a05a6d065f1e\" class=\"cmsmasters_heading_wrap cmsmasters_heading_align_center\">\n\t<h2 class=\"cmsmasters_heading\">Pru\u00e9banos<\/h2>\n<\/div>\n<\/div>\n<\/div>\n<\/div>\n<\/div>\n<\/div>\n<\/div>\n\n","protected":false},"excerpt":{"rendered":"","protected":false},"author":1,"featured_media":0,"parent":0,"menu_order":5,"comment_status":"closed","ping_status":"closed","template":"","meta":{"footnotes":""},"class_list":["post-57","page","type-page","status-publish","hentry"],"_links":{"self":[{"href":"https:\/\/judomarbella.com\/index.php?rest_route=\/wp\/v2\/pages\/57","targetHints":{"allow":["GET"]}}],"collection":[{"href":"https:\/\/judomarbella.com\/index.php?rest_route=\/wp\/v2\/pages"}],"about":[{"href":"https:\/\/judomarbella.com\/index.php?rest_route=\/wp\/v2\/types\/page"}],"author":[{"embeddable":true,"href":"https:\/\/judomarbella.com\/index.php?rest_route=\/wp\/v2\/users\/1"}],"replies":[{"embeddable":true,"href":"https:\/\/judomarbella.com\/index.php?rest_route=%2Fwp%2Fv2%2Fcomments&post=57"}],"version-history":[{"count":63,"href":"https:\/\/judomarbella.com\/index.php?rest_route=\/wp\/v2\/pages\/57\/revisions"}],"predecessor-version":[{"id":665,"href":"https:\/\/judomarbella.com\/index.php?rest_route=\/wp\/v2\/pages\/57\/revisions\/665"}],"wp:attachment":[{"href":"https:\/\/judomarbella.com\/index.php?rest_route=%2Fwp%2Fv2%2Fmedia&parent=57"}],"curies":[{"name":"wp","href":"https:\/\/api.w.org\/{rel}","templated":true}]}}